{"id":56,"date":"2021-03-23T00:00:12","date_gmt":"2021-03-23T04:00:12","guid":{"rendered":"http:\/\/ayuntamiento.guineo\/transparencia\/?page_id=56"},"modified":"2021-03-23T10:42:01","modified_gmt":"2021-03-23T14:42:01","slug":"derechos-de-los-ciudadanos","status":"publish","type":"page","link":"https:\/\/ayuntamientoelfactor.gob.do\/transparencia\/derechos-de-los-ciudadanos\/","title":{"rendered":"Derechos de los Ciudadanos"},"content":{"rendered":"<p><strong><span style=\"font-size: 18pt\">Todo(a) ciudadano(a) tiene derecho a:<\/span><\/strong><\/p>\n<ol>\n<li><b>SOLICITAR INFORMACI\u00d3N:<\/b>\u00a0de cualquier \u00f3rgano del ayuntamiento y de todas las sociedades an\u00f3nimas, compa\u00f1\u00edas an\u00f3nimas o compa\u00f1\u00edas por acciones con participaci\u00f3n estatal.<\/li>\n<li><b>RECIBIR INFORMACI\u00d3N:<\/b>\u00a0completa, veraz, adecuada y oportuna de cualquier \u00f3rgano del ayuntamiento.<\/li>\n<li><b>ACCESO GRATUITO:<\/b>\u00a0a la informaci\u00f3n en tanto que no requiera reproducci\u00f3n de la misma.<\/li>\n<li><b>SOLICITAR, RECIBIR y DIFUNDIR:<\/b>\u00a0informaciones pertenecientes a la administraci\u00f3n del ayuntamiento.<\/li>\n<li><b>CONOCER:\u00a0<\/b>los proyectos de reglamentos y otras disposiciones de car\u00e1cter general que rigen las relaciones entre los particulares y la administraci\u00f3n.<\/li>\n<li><b>OBTENER:\u00a0<\/b>informaci\u00f3n sobre los servicios que ofrece el ayuntamiento, requisitos costos.<\/li>\n<li><b>SABER:\u00a0<\/b>la estructura, integrantes, normativas de funcionamiento, proyectos, informes de gesti\u00f3n, y bases de datos de la administraci\u00f3n p\u00fablica.<\/li>\n<li><b>CONOCER:\u00a0<\/b>sobre los presupuestos y c\u00e1lculos de recursos y gastos aprobados, su evoluci\u00f3n y estado de ejecuci\u00f3n.<\/li>\n<li><b>TENER:\u00a0<\/b>informaci\u00f3n sobre los programas y proyectos, sus presupuestos, plazos, ejecuci\u00f3n y supervisor.<\/li>\n<li><b>ESTAR AL TANTO:<\/b>\u00a0sobre las licitaciones, concursos, compras, gastos y resultados.<\/li>\n<li><b>RECIBIR:\u00a0<\/b>informaci\u00f3n sobre el listado de beneficiarios de programas asistenciales, subsidios, becas, jubilaciones, pensiones y retiros.<\/li>\n<li><b>BUSCAR:<\/b>las leyes, decretos, resoluciones, disposiciones, marcos regulatorios y cualquier tipo de normativa.<\/li>\n<li><b>SOLICITAR Y RECIBIR:<\/b>\u00a0oportunamente cualquier tipo de documentaci\u00f3n financiera relativa al presupuesto p\u00fablico.<\/li>\n<\/ol>\n<p>En cumplimiento a la Ley 200-04 y el Decreto 130-05, el acceso a la informaci\u00f3n se har\u00e1 efectivo siempre y cuando no afecte la seguridad nacional, el orden p\u00fablico, la salud o la moral p\u00fablica o el derecho a la privacidad e intimidad de un tercero o el derecho a la reputaci\u00f3n de los dem\u00e1s.<\/p>\n","protected":false},"excerpt":{"rendered":"Todo(a) ciudadano(a) tiene derecho a: SOLICITAR INFORMACI\u00d3N:\u00a0de cualquier \u00f3rgano del ayuntamiento y de todas las sociedades an\u00f3nimas, compa\u00f1\u00edas an\u00f3nimas o compa\u00f1\u00edas por acciones con participaci\u00f3n estatal. RECIBIR INFORMACI\u00d3N:\u00a0completa, veraz, adecuada y oportuna de cualquier \u00f3rgano del ayuntamiento. ACCESO GRATUITO:\u00a0a la informaci\u00f3n en tanto que no requiera reproducci\u00f3n de la misma. SOLICITAR, RECIBIR y DIFUNDIR:\u00a0informaciones pertenecientes&#8230;","protected":false},"author":3,"featured_media":0,"parent":0,"menu_order":0,"comment_status":"closed","ping_status":"closed","template":"","meta":[],"acf":[],"_links":{"self":[{"href":"https:\/\/ayuntamientoelfactor.gob.do\/transparencia\/wp-json\/wp\/v2\/pages\/56"}],"collection":[{"href":"https:\/\/ayuntamientoelfactor.gob.do\/transparencia\/wp-json\/wp\/v2\/pages"}],"about":[{"href":"https:\/\/ayuntamientoelfactor.gob.do\/transparencia\/wp-json\/wp\/v2\/types\/page"}],"author":[{"embeddable":true,"href":"https:\/\/ayuntamientoelfactor.gob.do\/transparencia\/wp-json\/wp\/v2\/users\/3"}],"replies":[{"embeddable":true,"href":"https:\/\/ayuntamientoelfactor.gob.do\/transparencia\/wp-json\/wp\/v2\/comments?post=56"}],"version-history":[{"count":3,"href":"https:\/\/ayuntamientoelfactor.gob.do\/transparencia\/wp-json\/wp\/v2\/pages\/56\/revisions"}],"predecessor-version":[{"id":378,"href":"https:\/\/ayuntamientoelfactor.gob.do\/transparencia\/wp-json\/wp\/v2\/pages\/56\/revisions\/378"}],"wp:attachment":[{"href":"https:\/\/ayuntamientoelfactor.gob.do\/transparencia\/wp-json\/wp\/v2\/media?parent=56"}],"curies":[{"name":"wp","href":"https:\/\/api.w.org\/{rel}","templated":true}]}}