{"id":339,"date":"2018-01-22T15:11:07","date_gmt":"2018-01-22T19:11:07","guid":{"rendered":"http:\/\/ayuntamiento.o\/transparencia\/?page_id=339"},"modified":"2019-11-07T09:31:07","modified_gmt":"2019-11-07T13:31:07","slug":"como-ser-proveedor","status":"publish","type":"page","link":"https:\/\/ayuntamientoelfactor.gob.do\/transparencia\/como-ser-proveedor\/","title":{"rendered":"\u00bfC\u00f3mo ser proveedor?"},"content":{"rendered":"<p><strong>Un proveedor es la persona o empresa que\u00a0proporciona los recursos materiales, humanos y financieros necesarios a otra empresa o a una comunidad para su operaci\u00f3n diaria.\u00a0<\/strong><\/p>\n<p>Para ser un proveedor es necesario el:<\/p>\n<p><strong>1.<\/strong>\u00a0Aseguramiento de la Calidad Total de todo el proceso productivo desde las materias primas hasta producto terminado. Esto debe ser visto como un factor clave en la cultura corporativa que le permita a los proveedores dar un valor agregado a todos sus clientes.<\/p>\n<p><strong>2.\u00a0<\/strong>Tener una fuerte pol\u00edtica de Mejora Continua que permita ir m\u00e1s all\u00e1 del cumplimiento de los indicadores y metodolog\u00edas ya que este es un proceso que debe ser verificado anualmente.<\/p>\n<p><strong>3.\u00a0<\/strong>\u00a0Impulsar un programa de Responsabilidad Social Empresarial ya que permite evaluar la forma en la que los proveedores se relacionan y le dan importancia a su sostenible y a todos sus grupos de inter\u00e9s.<\/p>\n<p><strong>4.<\/strong>\u00a0Cumplir con protocolos en Seguridad y Cumplimiento de Requisitos Legales es una pr\u00e1ctica exitosa que los proveedores inician o contin\u00faan realizando cuando son evaluados por programas como el de certificaci\u00f3n de proveedores.<\/p>\n<p><strong>5.<\/strong>\u00a0La confianza es una de las pr\u00e1cticas que m\u00e1s se destaca de los proveedores certificados, pues al cumplir con todos los procedimientos e indicadores del programa se puede dar garant\u00eda de cumplimiento de todos sus procesos y sus materias primas.<\/p>\n","protected":false},"excerpt":{"rendered":"Un proveedor es la persona o empresa que\u00a0proporciona los recursos materiales, humanos y financieros necesarios a otra empresa o a una comunidad para su operaci\u00f3n diaria.\u00a0 Para ser un proveedor es necesario el: 1.\u00a0Aseguramiento de la Calidad Total de todo el proceso productivo desde las materias primas hasta producto terminado. Esto debe ser visto como&#8230;","protected":false},"author":3,"featured_media":0,"parent":0,"menu_order":0,"comment_status":"closed","ping_status":"closed","template":"","meta":[],"acf":[],"_links":{"self":[{"href":"https:\/\/ayuntamientoelfactor.gob.do\/transparencia\/wp-json\/wp\/v2\/pages\/339"}],"collection":[{"href":"https:\/\/ayuntamientoelfactor.gob.do\/transparencia\/wp-json\/wp\/v2\/pages"}],"about":[{"href":"https:\/\/ayuntamientoelfactor.gob.do\/transparencia\/wp-json\/wp\/v2\/types\/page"}],"author":[{"embeddable":true,"href":"https:\/\/ayuntamientoelfactor.gob.do\/transparencia\/wp-json\/wp\/v2\/users\/3"}],"replies":[{"embeddable":true,"href":"https:\/\/ayuntamientoelfactor.gob.do\/transparencia\/wp-json\/wp\/v2\/comments?post=339"}],"version-history":[{"count":3,"href":"https:\/\/ayuntamientoelfactor.gob.do\/transparencia\/wp-json\/wp\/v2\/pages\/339\/revisions"}],"predecessor-version":[{"id":389,"href":"https:\/\/ayuntamientoelfactor.gob.do\/transparencia\/wp-json\/wp\/v2\/pages\/339\/revisions\/389"}],"wp:attachment":[{"href":"https:\/\/ayuntamientoelfactor.gob.do\/transparencia\/wp-json\/wp\/v2\/media?parent=339"}],"curies":[{"name":"wp","href":"https:\/\/api.w.org\/{rel}","templated":true}]}}